{"id":2757,"date":"2024-07-19T05:02:30","date_gmt":"2024-07-19T05:02:30","guid":{"rendered":"https:\/\/playmaxvzla.com\/?post_type=product&#038;p=2757"},"modified":"2024-07-26T18:43:54","modified_gmt":"2024-07-26T18:43:54","slug":"resident-evil-village-ps4-ps5-alquiler","status":"publish","type":"product","link":"https:\/\/playmaxvzla.com\/es\/producto\/resident-evil-village-ps4-ps5-alquiler\/","title":{"rendered":"Resident Evil Village PS4 | PS5 (Alquiler)"},"content":{"rendered":"<div data-elementor-type=\"wp-post\" data-elementor-id=\"2757\" class=\"elementor elementor-2757\" data-elementor-post-type=\"product\">\n\t\t\t\t<div class=\"wd-negative-gap elementor-element elementor-element-53ee014 e-flex e-con-boxed e-con e-parent\" data-id=\"53ee014\" data-element_type=\"container\" data-e-type=\"container\">\n\t\t\t\t\t<div class=\"e-con-inner\">\n\t\t\t\t<div class=\"elementor-element elementor-element-cfbc71b color-scheme-inherit text-left elementor-widget elementor-widget-text-editor\" data-id=\"cfbc71b\" data-element_type=\"widget\" data-e-type=\"widget\" data-widget_type=\"text-editor.default\">\n\t\t\t\t<div class=\"elementor-widget-container\">\n\t\t\t\t\t\t\t\t\t<p>Juega campa\u00f1as individuales tanto para Leon Kennedy como para Claire Redfield con una flamante nueva vista en 3.\u00aa persona mientras exploras las \u00e1reas infestadas de zombis de Raccoon City, ahora reconstruido espectacularmente con el motor RE Engine de Capcom. Nuevos rompecabezas, tramas y \u00e1reas para que tanto los nuevos fans como los m\u00e1s veteranos descubran terror\u00edficas nuevas sorpresas<\/p><p><strong>Idioma<\/strong>: <strong>Espa\u00f1ol<\/strong><br \/><strong>Peso: 24GB \/ Requerido en consola: 48GB<\/strong><br \/>Incluye Guia de instalacion Paso a Paso<br \/>Entrega en minutos<\/p>\t\t\t\t\t\t\t\t<\/div>\n\t\t\t\t<\/div>\n\t\t\t\t\t<\/div>\n\t\t\t\t<\/div>\n\t\t\t\t<\/div>","protected":false},"excerpt":{"rendered":"<div class=\"user-content font-small mb-4\">\n<p>Publicado originalmente en 1998, Resident Evil 2, uno de los juegos m\u00e1s ic\u00f3nicos de todos los tiempos, regresa completamente reinventado para las consolas de nueva generaci\u00f3n.<\/p>\n<\/div>","protected":false},"featured_media":2798,"template":"","meta":[],"product_brand":[],"product_cat":[22,23],"product_tag":[],"class_list":{"0":"post-2757","1":"product","2":"type-product","3":"status-publish","4":"has-post-thumbnail","6":"product_cat-juegos-ps4","7":"product_cat-juegos-ps5","9":"first","10":"instock","11":"shipping-taxable","12":"purchasable","13":"product-type-variable"},"_links":{"self":[{"href":"https:\/\/playmaxvzla.com\/es\/wp-json\/wp\/v2\/product\/2757","targetHints":{"allow":["GET"]}}],"collection":[{"href":"https:\/\/playmaxvzla.com\/es\/wp-json\/wp\/v2\/product"}],"about":[{"href":"https:\/\/playmaxvzla.com\/es\/wp-json\/wp\/v2\/types\/product"}],"version-history":[{"count":4,"href":"https:\/\/playmaxvzla.com\/es\/wp-json\/wp\/v2\/product\/2757\/revisions"}],"predecessor-version":[{"id":2819,"href":"https:\/\/playmaxvzla.com\/es\/wp-json\/wp\/v2\/product\/2757\/revisions\/2819"}],"wp:featuredmedia":[{"embeddable":true,"href":"https:\/\/playmaxvzla.com\/es\/wp-json\/wp\/v2\/media\/2798"}],"wp:attachment":[{"href":"https:\/\/playmaxvzla.com\/es\/wp-json\/wp\/v2\/media?parent=2757"}],"wp:term":[{"taxonomy":"product_brand","embeddable":true,"href":"https:\/\/playmaxvzla.com\/es\/wp-json\/wp\/v2\/product_brand?post=2757"},{"taxonomy":"product_cat","embeddable":true,"href":"https:\/\/playmaxvzla.com\/es\/wp-json\/wp\/v2\/product_cat?post=2757"},{"taxonomy":"product_tag","embeddable":true,"href":"https:\/\/playmaxvzla.com\/es\/wp-json\/wp\/v2\/product_tag?post=2757"}],"curies":[{"name":"wp","href":"https:\/\/api.w.org\/{rel}","templated":true}]}}