{"id":2820,"date":"2024-07-19T13:33:07","date_gmt":"2024-07-19T13:33:07","guid":{"rendered":"https:\/\/playmaxvzla.com\/?post_type=product&#038;p=2820"},"modified":"2024-07-26T18:46:33","modified_gmt":"2024-07-26T18:46:33","slug":"the-last-of-us-remastered-ps4-ps5-alquiler","status":"publish","type":"product","link":"https:\/\/playmaxvzla.com\/es\/producto\/the-last-of-us-remastered-ps4-ps5-alquiler\/","title":{"rendered":"The Last of Us Remastered PS4 | PS5 (Alquiler)"},"content":{"rendered":"<div data-elementor-type=\"wp-post\" data-elementor-id=\"2820\" class=\"elementor elementor-2820\" data-elementor-post-type=\"product\">\n\t\t\t\t<div class=\"wd-negative-gap elementor-element elementor-element-53ee014 e-flex e-con-boxed e-con e-parent\" data-id=\"53ee014\" data-element_type=\"container\" data-e-type=\"container\">\n\t\t\t\t\t<div class=\"e-con-inner\">\n\t\t\t\t<div class=\"elementor-element elementor-element-cfbc71b color-scheme-inherit text-left elementor-widget elementor-widget-text-editor\" data-id=\"cfbc71b\" data-element_type=\"widget\" data-e-type=\"widget\" data-widget_type=\"text-editor.default\">\n\t\t\t\t<div class=\"elementor-widget-container\">\n\t\t\t\t\t\t\t\t\t<p>Ciudades abandonadas reclamadas por la naturaleza. Una poblaci\u00f3n diezmada por una plaga moderna. Los supervivientes se matan entre s\u00ed para tener comida, armas y todo aquello que pueda caer en sus manos. Joel, un superviviente brutal, y Ellie, una adolescente incre\u00edblemente lista para su edad, tendr\u00e1n que trabajar juntos si desean sobrevivir a su traves\u00eda a trav\u00e9s de los EE. UU.<\/p><p><strong>Idioma : Espa\u00f1ol, Espa\u00f1a<\/strong><br \/><strong>Peso : 45<\/strong><strong>GB \/ Requerido en consola: 90GB<\/strong><br \/>Incluye Guia Paso a Paso<br \/>Entrega en minutos<br \/><br \/><strong>&gt; La version de PS5 es Retro<br \/><\/strong><strong>&gt;\u00a0Retro significa juego para PS5 con gr\u00e1ficos de PS4<\/strong><\/p>\t\t\t\t\t\t\t\t<\/div>\n\t\t\t\t<\/div>\n\t\t\t\t\t<\/div>\n\t\t\t\t<\/div>\n\t\t\t\t<\/div>","protected":false},"excerpt":{"rendered":"<div class=\"user-content font-small mb-4\">\n<div class=\"user-content font-small mb-4\">\n<p>El ganador de m\u00e1s de 200 premios al juego del a\u00f1o, The Last of Us, se ha remasterizado para PlayStation\u00ae4. Ahora cuenta con personajes con resoluci\u00f3n m\u00e1s alta, sombras y luces mejoradas, y muchas otras mejoras de juego.<\/p>\n<\/div>\n<\/div>","protected":false},"featured_media":2823,"template":"","meta":[],"product_brand":[],"product_cat":[22,23],"product_tag":[],"class_list":{"0":"post-2820","1":"product","2":"type-product","3":"status-publish","4":"has-post-thumbnail","6":"product_cat-juegos-ps4","7":"product_cat-juegos-ps5","9":"first","10":"instock","11":"shipping-taxable","12":"purchasable","13":"product-type-variable"},"_links":{"self":[{"href":"https:\/\/playmaxvzla.com\/es\/wp-json\/wp\/v2\/product\/2820","targetHints":{"allow":["GET"]}}],"collection":[{"href":"https:\/\/playmaxvzla.com\/es\/wp-json\/wp\/v2\/product"}],"about":[{"href":"https:\/\/playmaxvzla.com\/es\/wp-json\/wp\/v2\/types\/product"}],"version-history":[{"count":7,"href":"https:\/\/playmaxvzla.com\/es\/wp-json\/wp\/v2\/product\/2820\/revisions"}],"predecessor-version":[{"id":3511,"href":"https:\/\/playmaxvzla.com\/es\/wp-json\/wp\/v2\/product\/2820\/revisions\/3511"}],"wp:featuredmedia":[{"embeddable":true,"href":"https:\/\/playmaxvzla.com\/es\/wp-json\/wp\/v2\/media\/2823"}],"wp:attachment":[{"href":"https:\/\/playmaxvzla.com\/es\/wp-json\/wp\/v2\/media?parent=2820"}],"wp:term":[{"taxonomy":"product_brand","embeddable":true,"href":"https:\/\/playmaxvzla.com\/es\/wp-json\/wp\/v2\/product_brand?post=2820"},{"taxonomy":"product_cat","embeddable":true,"href":"https:\/\/playmaxvzla.com\/es\/wp-json\/wp\/v2\/product_cat?post=2820"},{"taxonomy":"product_tag","embeddable":true,"href":"https:\/\/playmaxvzla.com\/es\/wp-json\/wp\/v2\/product_tag?post=2820"}],"curies":[{"name":"wp","href":"https:\/\/api.w.org\/{rel}","templated":true}]}}