{"id":2854,"date":"2024-07-19T13:53:21","date_gmt":"2024-07-19T13:53:21","guid":{"rendered":"https:\/\/playmaxvzla.com\/?post_type=product&#038;p=2854"},"modified":"2024-07-26T18:47:29","modified_gmt":"2024-07-26T18:47:29","slug":"payday-2-crimewave-edition-ps4-ps5-alquiler","status":"publish","type":"product","link":"https:\/\/playmaxvzla.com\/es\/producto\/payday-2-crimewave-edition-ps4-ps5-alquiler\/","title":{"rendered":"PAYDAY 2: Crimewave Edition PS4 (Alquiler)"},"content":{"rendered":"<div data-elementor-type=\"wp-post\" data-elementor-id=\"2854\" class=\"elementor elementor-2854\" data-elementor-post-type=\"product\">\n\t\t\t\t<div class=\"wd-negative-gap elementor-element elementor-element-53ee014 e-flex e-con-boxed e-con e-parent\" data-id=\"53ee014\" data-element_type=\"container\" data-e-type=\"container\">\n\t\t\t\t\t<div class=\"e-con-inner\">\n\t\t\t\t<div class=\"elementor-element elementor-element-cfbc71b color-scheme-inherit text-left elementor-widget elementor-widget-text-editor\" data-id=\"cfbc71b\" data-element_type=\"widget\" data-e-type=\"widget\" data-widget_type=\"text-editor.default\">\n\t\t\t\t<div class=\"elementor-widget-container\">\n\t\t\t\t\t\t\t\t\t<p>La edici\u00f3n Crimewave tiene un motor gr\u00e1fico mejorado para consolas. Hasta cuatro amigos cooperar\u00e1n en los golpes y, a medida que avancen, los trabajos ser\u00e1n cada vez m\u00e1s grandes, complicados y con mayores recompensas.<br \/><strong><br \/>Idioma : Espa\u00f1ol \/ Voces : Ingles<\/strong><br \/><strong>Peso : 11GB<\/strong><br \/>Incluye Guia Paso a Paso<br \/>Entrega en minutos<br \/><br \/><strong>&gt; La version de PS5 es Retro<br \/>&gt;\u00a0Retro significa juego para PS5 con gr\u00e1ficos de PS4<\/strong><\/p>\t\t\t\t\t\t\t\t<\/div>\n\t\t\t\t<\/div>\n\t\t\t\t\t<\/div>\n\t\t\t\t<\/div>\n\t\t\t\t<\/div>","protected":false},"excerpt":{"rendered":"<div class=\"user-content font-small mb-4\">\n<div class=\"user-content font-small mb-4\">\n<div class=\"user-content font-small mb-4\">CRIMEWAVE EDITION es un shooter cooperativo para 4 jugadores, en el que debes atracar bancos con tus amigos para sacaros una buena pasta.<\/div>\n<\/div>\n<\/div>","protected":false},"featured_media":2976,"template":"","meta":[],"product_brand":[],"product_cat":[22],"product_tag":[],"class_list":{"0":"post-2854","1":"product","2":"type-product","3":"status-publish","4":"has-post-thumbnail","6":"product_cat-juegos-ps4","8":"first","9":"instock","10":"shipping-taxable","11":"purchasable","12":"product-type-simple"},"_links":{"self":[{"href":"https:\/\/playmaxvzla.com\/es\/wp-json\/wp\/v2\/product\/2854","targetHints":{"allow":["GET"]}}],"collection":[{"href":"https:\/\/playmaxvzla.com\/es\/wp-json\/wp\/v2\/product"}],"about":[{"href":"https:\/\/playmaxvzla.com\/es\/wp-json\/wp\/v2\/types\/product"}],"version-history":[{"count":8,"href":"https:\/\/playmaxvzla.com\/es\/wp-json\/wp\/v2\/product\/2854\/revisions"}],"predecessor-version":[{"id":2866,"href":"https:\/\/playmaxvzla.com\/es\/wp-json\/wp\/v2\/product\/2854\/revisions\/2866"}],"wp:featuredmedia":[{"embeddable":true,"href":"https:\/\/playmaxvzla.com\/es\/wp-json\/wp\/v2\/media\/2976"}],"wp:attachment":[{"href":"https:\/\/playmaxvzla.com\/es\/wp-json\/wp\/v2\/media?parent=2854"}],"wp:term":[{"taxonomy":"product_brand","embeddable":true,"href":"https:\/\/playmaxvzla.com\/es\/wp-json\/wp\/v2\/product_brand?post=2854"},{"taxonomy":"product_cat","embeddable":true,"href":"https:\/\/playmaxvzla.com\/es\/wp-json\/wp\/v2\/product_cat?post=2854"},{"taxonomy":"product_tag","embeddable":true,"href":"https:\/\/playmaxvzla.com\/es\/wp-json\/wp\/v2\/product_tag?post=2854"}],"curies":[{"name":"wp","href":"https:\/\/api.w.org\/{rel}","templated":true}]}}