{"id":2962,"date":"2024-07-19T15:07:17","date_gmt":"2024-07-19T15:07:17","guid":{"rendered":"https:\/\/playmaxvzla.com\/?post_type=product&#038;p=2962"},"modified":"2024-07-26T18:48:03","modified_gmt":"2024-07-26T18:48:03","slug":"final-fantasy-vii-remake-ps4","status":"publish","type":"product","link":"https:\/\/playmaxvzla.com\/es\/producto\/final-fantasy-vii-remake-ps4\/","title":{"rendered":"Final Fantasy VII Remake PS4 (Alquiler)"},"content":{"rendered":"<div data-elementor-type=\"wp-post\" data-elementor-id=\"2962\" class=\"elementor elementor-2962\" data-elementor-post-type=\"product\">\n\t\t\t\t<div class=\"wd-negative-gap elementor-element elementor-element-53ee014 e-flex e-con-boxed e-con e-parent\" data-id=\"53ee014\" data-element_type=\"container\" data-e-type=\"container\">\n\t\t\t\t\t<div class=\"e-con-inner\">\n\t\t\t\t<div class=\"elementor-element elementor-element-cfbc71b color-scheme-inherit text-left elementor-widget elementor-widget-text-editor\" data-id=\"cfbc71b\" data-element_type=\"widget\" data-e-type=\"widget\" data-widget_type=\"text-editor.default\">\n\t\t\t\t<div class=\"elementor-widget-container\">\n\t\t\t\t\t\t\t\t\t<p>FINAL FANTASY VII REMAKE es una reinvenci\u00f3n del emblem\u00e1tico t\u00edtulo original con personajes inolvidables, una historia impresionante y combates \u00e9picos.<\/p><p>La historia de este primer juego independiente del proyecto FINAL FANTASY VII REMAKE llega hasta el momento en que el grupo escapa de Midgar y profundiza m\u00e1s en los sucesos acontecidos all\u00ed que el FINAL FANTASY VII original.<\/p><p><strong>Idioma<\/strong>: <strong>Espa\u00f1ol<\/strong><br \/><strong>Peso: 100GB<\/strong><br \/>Incluye Guia de instalacion Paso a Paso<\/p>\t\t\t\t\t\t\t\t<\/div>\n\t\t\t\t<\/div>\n\t\t\t\t\t<\/div>\n\t\t\t\t<\/div>\n\t\t\t\t<\/div>","protected":false},"excerpt":{"rendered":"<div class=\"user-content font-small mb-4\">\n<div class=\"user-content font-small mb-4\">\n<div class=\"user-content font-small mb-4\">\n<p>El mundo est\u00e1 controlado por la compa\u00f1\u00eda Shinra, una corporaci\u00f3n que genera energ\u00eda mako a partir de la fuerza vital del planeta. En la ciudad de Midgar, el grupo anti-Shinra Avalancha decide tomar medidas dr\u00e1sticas. Cloud Strife, exmiembro de la unidad de \u00e9lite de Shinra conocida como Soldado, ofrece sus servicios de mercenario a Avalancha, desconocedor de las aventuras que le esperan.<\/p>\n<\/div>\n<\/div>\n<\/div>","protected":false},"featured_media":2969,"template":"","meta":[],"product_brand":[],"product_cat":[22],"product_tag":[],"class_list":{"0":"post-2962","1":"product","2":"type-product","3":"status-publish","4":"has-post-thumbnail","6":"product_cat-juegos-ps4","8":"first","9":"instock","10":"virtual","11":"purchasable","12":"product-type-simple"},"_links":{"self":[{"href":"https:\/\/playmaxvzla.com\/es\/wp-json\/wp\/v2\/product\/2962","targetHints":{"allow":["GET"]}}],"collection":[{"href":"https:\/\/playmaxvzla.com\/es\/wp-json\/wp\/v2\/product"}],"about":[{"href":"https:\/\/playmaxvzla.com\/es\/wp-json\/wp\/v2\/types\/product"}],"version-history":[{"count":6,"href":"https:\/\/playmaxvzla.com\/es\/wp-json\/wp\/v2\/product\/2962\/revisions"}],"predecessor-version":[{"id":2973,"href":"https:\/\/playmaxvzla.com\/es\/wp-json\/wp\/v2\/product\/2962\/revisions\/2973"}],"wp:featuredmedia":[{"embeddable":true,"href":"https:\/\/playmaxvzla.com\/es\/wp-json\/wp\/v2\/media\/2969"}],"wp:attachment":[{"href":"https:\/\/playmaxvzla.com\/es\/wp-json\/wp\/v2\/media?parent=2962"}],"wp:term":[{"taxonomy":"product_brand","embeddable":true,"href":"https:\/\/playmaxvzla.com\/es\/wp-json\/wp\/v2\/product_brand?post=2962"},{"taxonomy":"product_cat","embeddable":true,"href":"https:\/\/playmaxvzla.com\/es\/wp-json\/wp\/v2\/product_cat?post=2962"},{"taxonomy":"product_tag","embeddable":true,"href":"https:\/\/playmaxvzla.com\/es\/wp-json\/wp\/v2\/product_tag?post=2962"}],"curies":[{"name":"wp","href":"https:\/\/api.w.org\/{rel}","templated":true}]}}