{"id":2993,"date":"2024-07-19T15:28:57","date_gmt":"2024-07-19T15:28:57","guid":{"rendered":"https:\/\/playmaxvzla.com\/?post_type=product&#038;p=2993"},"modified":"2024-07-26T18:52:06","modified_gmt":"2024-07-26T18:52:06","slug":"tekken-7-ps4-alquiler","status":"publish","type":"product","link":"https:\/\/playmaxvzla.com\/es\/producto\/tekken-7-ps4-alquiler\/","title":{"rendered":"Mortal Kombat 11 PS4 | PS5 (Alquiler)"},"content":{"rendered":"<div data-elementor-type=\"wp-post\" data-elementor-id=\"2993\" class=\"elementor elementor-2993\" data-elementor-post-type=\"product\">\n\t\t\t\t<div class=\"wd-negative-gap elementor-element elementor-element-53ee014 e-flex e-con-boxed e-con e-parent\" data-id=\"53ee014\" data-element_type=\"container\" data-e-type=\"container\">\n\t\t\t\t\t<div class=\"e-con-inner\">\n\t\t\t\t<div class=\"elementor-element elementor-element-cfbc71b color-scheme-inherit text-left elementor-widget elementor-widget-text-editor\" data-id=\"cfbc71b\" data-element_type=\"widget\" data-e-type=\"widget\" data-widget_type=\"text-editor.default\">\n\t\t\t\t<div class=\"elementor-widget-container\">\n\t\t\t\t\t\t\t\t\t<p><strong>La Edici\u00f3n Est\u00e1ndar de Mortal Kombat 11 incluye:<\/strong><\/p><p>\u2022 Juego principal<\/p><p>Con las nuevas variantes de personaje tendr\u00e1s un control sin precedentes para personalizar a tus luchadores y hacerlos \u00fanicos. El nuevo motor gr\u00e1fico resalta cada uno de los momentos m\u00e1s sangrientos para ponerte tan cerca de la pelea que casi podr\u00e1s sentirla. Con un reparto de luchadores nuevos y kl\u00e1sicos, el modo historia cinem\u00e1tico contin\u00faa la \u00e9pica saga iniciada hace m\u00e1s de 25 a\u00f1os.<\/p><p><strong>Idioma<\/strong>: <strong>Espa\u00f1ol<\/strong><br \/><strong>Peso: 40GB \/ Requerido en consola: 80GB\u00a0<\/strong><br \/>Incluye Guia de instalacion Paso a Paso<br \/>Entrega en minutos<\/p>\t\t\t\t\t\t\t\t<\/div>\n\t\t\t\t<\/div>\n\t\t\t\t\t<\/div>\n\t\t\t\t<\/div>\n\t\t\t\t<\/div>","protected":false},"excerpt":{"rendered":"<div class=\"user-content font-small mb-4\">\n<div class=\"user-content font-small mb-4\">\n<div class=\"user-content font-small mb-4\">\n<div class=\"user-content font-small mb-4\">\n<div class=\"user-content font-small mb-4\">\n<div class=\"user-content font-small mb-4\">\n<p>\u00a1MK est\u00e1 de vuelta mejor que nunca con la siguiente evoluci\u00f3n de la emblem\u00e1tica franquicia.<\/p>\n<\/div>\n<\/div>\n<\/div>\n<\/div>\n<\/div>\n<\/div>","protected":false},"featured_media":2997,"template":"","meta":[],"product_brand":[],"product_cat":[22,23],"product_tag":[],"class_list":{"0":"post-2993","1":"product","2":"type-product","3":"status-publish","4":"has-post-thumbnail","6":"product_cat-juegos-ps4","7":"product_cat-juegos-ps5","9":"first","10":"instock","11":"shipping-taxable","12":"purchasable","13":"product-type-variable"},"_links":{"self":[{"href":"https:\/\/playmaxvzla.com\/es\/wp-json\/wp\/v2\/product\/2993","targetHints":{"allow":["GET"]}}],"collection":[{"href":"https:\/\/playmaxvzla.com\/es\/wp-json\/wp\/v2\/product"}],"about":[{"href":"https:\/\/playmaxvzla.com\/es\/wp-json\/wp\/v2\/types\/product"}],"version-history":[{"count":6,"href":"https:\/\/playmaxvzla.com\/es\/wp-json\/wp\/v2\/product\/2993\/revisions"}],"predecessor-version":[{"id":3004,"href":"https:\/\/playmaxvzla.com\/es\/wp-json\/wp\/v2\/product\/2993\/revisions\/3004"}],"wp:featuredmedia":[{"embeddable":true,"href":"https:\/\/playmaxvzla.com\/es\/wp-json\/wp\/v2\/media\/2997"}],"wp:attachment":[{"href":"https:\/\/playmaxvzla.com\/es\/wp-json\/wp\/v2\/media?parent=2993"}],"wp:term":[{"taxonomy":"product_brand","embeddable":true,"href":"https:\/\/playmaxvzla.com\/es\/wp-json\/wp\/v2\/product_brand?post=2993"},{"taxonomy":"product_cat","embeddable":true,"href":"https:\/\/playmaxvzla.com\/es\/wp-json\/wp\/v2\/product_cat?post=2993"},{"taxonomy":"product_tag","embeddable":true,"href":"https:\/\/playmaxvzla.com\/es\/wp-json\/wp\/v2\/product_tag?post=2993"}],"curies":[{"name":"wp","href":"https:\/\/api.w.org\/{rel}","templated":true}]}}