{"id":3005,"date":"2024-07-19T15:34:47","date_gmt":"2024-07-19T15:34:47","guid":{"rendered":"https:\/\/playmaxvzla.com\/?post_type=product&#038;p=3005"},"modified":"2024-07-26T18:52:39","modified_gmt":"2024-07-26T18:52:39","slug":"grand-theft-auto-5-gta-v-ps4-ps5-alquiler","status":"publish","type":"product","link":"https:\/\/playmaxvzla.com\/es\/producto\/grand-theft-auto-5-gta-v-ps4-ps5-alquiler\/","title":{"rendered":"Grand Theft Auto 5 (GTA V) PS4 | PS5 (Alquiler)"},"content":{"rendered":"<div data-elementor-type=\"wp-post\" data-elementor-id=\"3005\" class=\"elementor elementor-3005\" data-elementor-post-type=\"product\">\n\t\t\t\t<div class=\"wd-negative-gap elementor-element elementor-element-53ee014 e-flex e-con-boxed e-con e-parent\" data-id=\"53ee014\" data-element_type=\"container\" data-e-type=\"container\">\n\t\t\t\t\t<div class=\"e-con-inner\">\n\t\t\t\t<div class=\"elementor-element elementor-element-cfbc71b color-scheme-inherit text-left elementor-widget elementor-widget-text-editor\" data-id=\"cfbc71b\" data-element_type=\"widget\" data-e-type=\"widget\" data-widget_type=\"text-editor.default\">\n\t\t\t\t<div class=\"elementor-widget-container\">\n\t\t\t\t\t\t\t\t\t<p>GRAND THEFT AUTO ONLINE<\/p><p>Descubre un mundo en constante evoluci\u00f3n repleto de opciones y formas de jugar mientras llegas a lo m\u00e1s alto del escalaf\u00f3n criminal de Los Santos y el condado de Blaine en la mejor experiencia compartida en l\u00ednea.<br \/><br \/><strong>Idioma : Espa\u00f1ol \/ Voces : Ingles<br \/>Peso : 42GB \/ Requerido en consola : 84GB<\/strong><br \/>Incluye Guia Paso a Paso<br \/>Entrega en minutos<\/p>\t\t\t\t\t\t\t\t<\/div>\n\t\t\t\t<\/div>\n\t\t\t\t\t<\/div>\n\t\t\t\t<\/div>\n\t\t\t\t<\/div>","protected":false},"excerpt":{"rendered":"<div class=\"user-content font-small mb-4\">\n<div class=\"user-content font-small mb-4\">\n<div class=\"user-content font-small mb-4\">\n<div class=\"user-content font-small mb-4\">\n<div class=\"user-content font-small mb-4\">\n<div class=\"user-content font-small mb-4\">\n<p>GRAND THEFT AUTO V<\/p>\n<p>Un joven estafador callejero, un ladr\u00f3n de bancos retirado y un psic\u00f3pata aterrador se meten en un l\u00edo, y tendr\u00e1n que llevar a cabo una serie de peligrosos golpes para sobrevivir en una ciudad en la que no pueden confiar en nadie, y mucho menos los unos en los otros.<\/p>\n<\/div>\n<\/div>\n<\/div>\n<\/div>\n<\/div>\n<\/div>","protected":false},"featured_media":3008,"template":"","meta":[],"product_brand":[],"product_cat":[22,23],"product_tag":[],"class_list":{"0":"post-3005","1":"product","2":"type-product","3":"status-publish","4":"has-post-thumbnail","6":"product_cat-juegos-ps4","7":"product_cat-juegos-ps5","9":"first","10":"instock","11":"shipping-taxable","12":"purchasable","13":"product-type-variable"},"_links":{"self":[{"href":"https:\/\/playmaxvzla.com\/es\/wp-json\/wp\/v2\/product\/3005","targetHints":{"allow":["GET"]}}],"collection":[{"href":"https:\/\/playmaxvzla.com\/es\/wp-json\/wp\/v2\/product"}],"about":[{"href":"https:\/\/playmaxvzla.com\/es\/wp-json\/wp\/v2\/types\/product"}],"version-history":[{"count":5,"href":"https:\/\/playmaxvzla.com\/es\/wp-json\/wp\/v2\/product\/3005\/revisions"}],"predecessor-version":[{"id":3014,"href":"https:\/\/playmaxvzla.com\/es\/wp-json\/wp\/v2\/product\/3005\/revisions\/3014"}],"wp:featuredmedia":[{"embeddable":true,"href":"https:\/\/playmaxvzla.com\/es\/wp-json\/wp\/v2\/media\/3008"}],"wp:attachment":[{"href":"https:\/\/playmaxvzla.com\/es\/wp-json\/wp\/v2\/media?parent=3005"}],"wp:term":[{"taxonomy":"product_brand","embeddable":true,"href":"https:\/\/playmaxvzla.com\/es\/wp-json\/wp\/v2\/product_brand?post=3005"},{"taxonomy":"product_cat","embeddable":true,"href":"https:\/\/playmaxvzla.com\/es\/wp-json\/wp\/v2\/product_cat?post=3005"},{"taxonomy":"product_tag","embeddable":true,"href":"https:\/\/playmaxvzla.com\/es\/wp-json\/wp\/v2\/product_tag?post=3005"}],"curies":[{"name":"wp","href":"https:\/\/api.w.org\/{rel}","templated":true}]}}