{"id":3015,"date":"2024-07-19T15:38:02","date_gmt":"2024-07-19T15:38:02","guid":{"rendered":"https:\/\/playmaxvzla.com\/?post_type=product&#038;p=3015"},"modified":"2024-07-26T18:53:55","modified_gmt":"2024-07-26T18:53:55","slug":"batman-arkham-collection-ps4-ps5-alquiler","status":"publish","type":"product","link":"https:\/\/playmaxvzla.com\/es\/producto\/batman-arkham-collection-ps4-ps5-alquiler\/","title":{"rendered":"Batman Arkham Collection PS4 | PS5 (Alquiler)"},"content":{"rendered":"<div data-elementor-type=\"wp-post\" data-elementor-id=\"3015\" class=\"elementor elementor-3015\" data-elementor-post-type=\"product\">\n\t\t\t\t<div class=\"wd-negative-gap elementor-element elementor-element-53ee014 e-flex e-con-boxed e-con e-parent\" data-id=\"53ee014\" data-element_type=\"container\" data-e-type=\"container\">\n\t\t\t\t\t<div class=\"e-con-inner\">\n\t\t\t\t<div class=\"elementor-element elementor-element-cfbc71b color-scheme-inherit text-left elementor-widget elementor-widget-text-editor\" data-id=\"cfbc71b\" data-element_type=\"widget\" data-e-type=\"widget\" data-widget_type=\"text-editor.default\">\n\t\t\t\t<div class=\"elementor-widget-container\">\n\t\t\t\t\t\t\t\t\t<p>Disfruta dos de los t\u00edtulos m\u00e1s aclamados de la \u00faltima generaci\u00f3n: Batman: Arkham Asylum y Batman Arkham City, con gr\u00e1ficos actualizados y remasterizados. Completa tu experiencia con el explosivo final de la serie Arkham, Batman: Arkham Knight. Convi\u00e9rtete en Batman y utiliza una amplia variedad de artefactos y habilidades para enfrentarte a los villanos m\u00e1s peligrosos de Ciudad G\u00f3tica, confrontando finalmente la mayor amenaza que asedia la ciudad que Batman ha jurado proteger.<br \/><br \/><strong>Idioma : Espa\u00f1ol<\/strong><br \/><strong>Peso : 100GB<\/strong><br \/>Incluye Guia Paso a Paso<br \/>Entrega en minutos<br \/><br \/><strong>&gt; La version de PS5 es Retro<br \/>&gt;\u00a0Retro significa juego para PS5 con gr\u00e1ficos de PS4<\/strong><\/p>\t\t\t\t\t\t\t\t<\/div>\n\t\t\t\t<\/div>\n\t\t\t\t\t<\/div>\n\t\t\t\t<\/div>\n\t\t\t\t<\/div>","protected":false},"excerpt":{"rendered":"<div class=\"user-content font-small mb-4\">\n<div class=\"user-content font-small mb-4\">\n<div class=\"user-content font-small mb-4\">\n<div class=\"user-content font-small mb-4\">\n<div class=\"user-content font-small mb-4\">\n<div class=\"user-content font-small mb-4\">\n<div class=\"user-content font-small mb-4\">\n<p>Batman: Arkham Collection te trae las versiones definitivas de la trilog\u00eda de juegos Arkham de Rocksteady, incluyendo todo el contenido poslanzamiento, en una colecci\u00f3n completa.<\/p>\n<\/div>\n<\/div>\n<\/div>\n<\/div>\n<\/div>\n<\/div>\n<\/div>","protected":false},"featured_media":3018,"template":"","meta":[],"product_brand":[],"product_cat":[22,23],"product_tag":[],"class_list":{"0":"post-3015","1":"product","2":"type-product","3":"status-publish","4":"has-post-thumbnail","6":"product_cat-juegos-ps4","7":"product_cat-juegos-ps5","9":"first","10":"instock","11":"shipping-taxable","12":"purchasable","13":"product-type-variable"},"_links":{"self":[{"href":"https:\/\/playmaxvzla.com\/es\/wp-json\/wp\/v2\/product\/3015","targetHints":{"allow":["GET"]}}],"collection":[{"href":"https:\/\/playmaxvzla.com\/es\/wp-json\/wp\/v2\/product"}],"about":[{"href":"https:\/\/playmaxvzla.com\/es\/wp-json\/wp\/v2\/types\/product"}],"version-history":[{"count":7,"href":"https:\/\/playmaxvzla.com\/es\/wp-json\/wp\/v2\/product\/3015\/revisions"}],"predecessor-version":[{"id":3520,"href":"https:\/\/playmaxvzla.com\/es\/wp-json\/wp\/v2\/product\/3015\/revisions\/3520"}],"wp:featuredmedia":[{"embeddable":true,"href":"https:\/\/playmaxvzla.com\/es\/wp-json\/wp\/v2\/media\/3018"}],"wp:attachment":[{"href":"https:\/\/playmaxvzla.com\/es\/wp-json\/wp\/v2\/media?parent=3015"}],"wp:term":[{"taxonomy":"product_brand","embeddable":true,"href":"https:\/\/playmaxvzla.com\/es\/wp-json\/wp\/v2\/product_brand?post=3015"},{"taxonomy":"product_cat","embeddable":true,"href":"https:\/\/playmaxvzla.com\/es\/wp-json\/wp\/v2\/product_cat?post=3015"},{"taxonomy":"product_tag","embeddable":true,"href":"https:\/\/playmaxvzla.com\/es\/wp-json\/wp\/v2\/product_tag?post=3015"}],"curies":[{"name":"wp","href":"https:\/\/api.w.org\/{rel}","templated":true}]}}