{"id":3025,"date":"2024-07-19T15:42:25","date_gmt":"2024-07-19T15:42:25","guid":{"rendered":"https:\/\/playmaxvzla.com\/?post_type=product&#038;p=3025"},"modified":"2024-07-26T18:54:18","modified_gmt":"2024-07-26T18:54:18","slug":"outlast-trinity-ps4-alquiler","status":"publish","type":"product","link":"https:\/\/playmaxvzla.com\/es\/producto\/outlast-trinity-ps4-alquiler\/","title":{"rendered":"Outlast Trinity PS4 (Alquiler)"},"content":{"rendered":"<div data-elementor-type=\"wp-post\" data-elementor-id=\"3025\" class=\"elementor elementor-3025\" data-elementor-post-type=\"product\">\n\t\t\t\t<div class=\"wd-negative-gap elementor-element elementor-element-53ee014 e-flex e-con-boxed e-con e-parent\" data-id=\"53ee014\" data-element_type=\"container\" data-e-type=\"container\">\n\t\t\t\t\t<div class=\"e-con-inner\">\n\t\t\t\t<div class=\"elementor-element elementor-element-cfbc71b color-scheme-inherit text-left elementor-widget elementor-widget-text-editor\" data-id=\"cfbc71b\" data-element_type=\"widget\" data-e-type=\"widget\" data-widget_type=\"text-editor.default\">\n\t\t\t\t<div class=\"elementor-widget-container\">\n\t\t\t\t\t\t\t\t\t<p>OUTLAST: Siguiendo el consejo de una fuente an\u00f3nima, el periodista independiente Miles Upshur irrumpe en el complejo. Lo que descubre en su interior traza una aterradora l\u00ednea entre ciencia y religi\u00f3n, naturaleza y algo totalmente distinto.<\/p><p>WHISTLEBLOWER: En Whistleblower, adoptar\u00e1s el papel de Waylon Park, un ingeniero inform\u00e1tico que trabaja para Murkoff y que, al comienzo de Outlast, se puso en contacto mediante correo electr\u00f3nico con periodistas de todo el mundo (Miles incluido).<\/p><p>OUTLAST 2: Eres Blake Langermann, un camar\u00f3grafo que trabaja con su esposa, Lynn. Est\u00e1n tratando de seguir una serie de pistas que empez\u00f3 con el aparentemente imposible asesinato de una mujer embarazada, cuya identidad se desconoce. La investigaci\u00f3n te ha llevado a adentrarte varias millas en el desierto de Arizona, hacia una oscuridad tan abismal que nadie podr\u00eda arrojar luz sobre ella y una corrupci\u00f3n tan enraizada que enloquecer ser\u00eda lo \u00fanico cuerdo que se podr\u00eda hacer.<\/p>\t\t\t\t\t\t\t\t<\/div>\n\t\t\t\t<\/div>\n\t\t\t\t\t<\/div>\n\t\t\t\t<\/div>\n\t\t\t\t<\/div>","protected":false},"excerpt":{"rendered":"<div class=\"user-content font-small mb-4\">\n<div class=\"user-content font-small mb-4\">\n<div class=\"user-content font-small mb-4\">\n<div class=\"user-content font-small mb-4\">\n<div class=\"user-content font-small mb-4\">\n<div class=\"user-content font-small mb-4\">\n<div class=\"user-content font-small mb-4\"><b>Outlast Trinity<\/b> es una colecci\u00f3n de terror en primera persona desarrollada por <b>Red Barrels<\/b>. Publicada en 2017, esta colecci\u00f3n para <b>PlayStation 4<\/b>, <b>Xbox One<\/b> y <b>PC<\/b> incluye los tres t\u00edtulos principales de la franquicia <i>Outlast<\/i>: <b>Outlast<\/b>, <b>Outlast: Whistleblower<\/b> (expansi\u00f3n) y <b>Outlast 2<\/b>.<\/div>\n<\/div>\n<\/div>\n<\/div>\n<\/div>\n<\/div>\n<\/div>","protected":false},"featured_media":3028,"template":"","meta":[],"product_brand":[],"product_cat":[22],"product_tag":[],"class_list":{"0":"post-3025","1":"product","2":"type-product","3":"status-publish","4":"has-post-thumbnail","6":"product_cat-juegos-ps4","8":"first","9":"instock","10":"shipping-taxable","11":"purchasable","12":"product-type-simple"},"_links":{"self":[{"href":"https:\/\/playmaxvzla.com\/es\/wp-json\/wp\/v2\/product\/3025","targetHints":{"allow":["GET"]}}],"collection":[{"href":"https:\/\/playmaxvzla.com\/es\/wp-json\/wp\/v2\/product"}],"about":[{"href":"https:\/\/playmaxvzla.com\/es\/wp-json\/wp\/v2\/types\/product"}],"version-history":[{"count":5,"href":"https:\/\/playmaxvzla.com\/es\/wp-json\/wp\/v2\/product\/3025\/revisions"}],"predecessor-version":[{"id":3034,"href":"https:\/\/playmaxvzla.com\/es\/wp-json\/wp\/v2\/product\/3025\/revisions\/3034"}],"wp:featuredmedia":[{"embeddable":true,"href":"https:\/\/playmaxvzla.com\/es\/wp-json\/wp\/v2\/media\/3028"}],"wp:attachment":[{"href":"https:\/\/playmaxvzla.com\/es\/wp-json\/wp\/v2\/media?parent=3025"}],"wp:term":[{"taxonomy":"product_brand","embeddable":true,"href":"https:\/\/playmaxvzla.com\/es\/wp-json\/wp\/v2\/product_brand?post=3025"},{"taxonomy":"product_cat","embeddable":true,"href":"https:\/\/playmaxvzla.com\/es\/wp-json\/wp\/v2\/product_cat?post=3025"},{"taxonomy":"product_tag","embeddable":true,"href":"https:\/\/playmaxvzla.com\/es\/wp-json\/wp\/v2\/product_tag?post=3025"}],"curies":[{"name":"wp","href":"https:\/\/api.w.org\/{rel}","templated":true}]}}