{"id":3035,"date":"2024-07-19T15:48:33","date_gmt":"2024-07-19T15:48:33","guid":{"rendered":"https:\/\/playmaxvzla.com\/?post_type=product&#038;p=3035"},"modified":"2024-07-26T18:54:48","modified_gmt":"2024-07-26T18:54:48","slug":"need-for-speed-unbound-ps5-alquiler","status":"publish","type":"product","link":"https:\/\/playmaxvzla.com\/es\/producto\/need-for-speed-unbound-ps5-alquiler\/","title":{"rendered":"Need For Speed Unbound PS5 (Alquiler)"},"content":{"rendered":"<div data-elementor-type=\"wp-post\" data-elementor-id=\"3035\" class=\"elementor elementor-3035\" data-elementor-post-type=\"product\">\n\t\t\t\t<div class=\"wd-negative-gap elementor-element elementor-element-53ee014 e-flex e-con-boxed e-con e-parent\" data-id=\"53ee014\" data-element_type=\"container\" data-e-type=\"container\">\n\t\t\t\t\t<div class=\"e-con-inner\">\n\t\t\t\t<div class=\"elementor-element elementor-element-cfbc71b color-scheme-inherit text-left elementor-widget elementor-widget-text-editor\" data-id=\"cfbc71b\" data-element_type=\"widget\" data-e-type=\"widget\" data-widget_type=\"text-editor.default\">\n\t\t\t\t<div class=\"elementor-widget-container\">\n\t\t\t\t\t\t\t\t\t<div class=\"user-content font-small mb-4\"><p>Avisa a tus amistades y corran en una emocionante persecuci\u00f3n policial o compitan en muchas carreras. Aprovecha al m\u00e1ximo cada giro y curva y supera a tus amistades para hacerles saber qui\u00e9n manda aqu\u00ed. Sigue tu legado compitiendo contra el tiempo en eventos de vueltas r\u00e1pidas que te dan un impulso de velocidad enorme para dominar tus habilidades de manejo. A\u00fan hay m\u00e1s formas de jugar con nuevos desaf\u00edos diarios que te traen distintas formas de ganar nuevas recompensas para celebrar tus habilidades de manejo, incluyendo el lujoso Mercedes-Maybach S 680 (2021) y la nueva personalizaci\u00f3n del Lotus Emira Balmain Edition 2021<\/p><p><strong><br \/><\/strong><strong>Idioma : Espa\u00f1ol \/ Audio: Espa\u00f1ol<\/strong><br \/><strong>Peso : 30<\/strong><strong>GB<\/strong><br \/>Incluye Guia Paso a Paso<br \/>Entrega en minutos<\/p><\/div><div id=\"reviewsapp\">\u00a0<\/div>\t\t\t\t\t\t\t\t<\/div>\n\t\t\t\t<\/div>\n\t\t\t\t\t<\/div>\n\t\t\t\t<\/div>\n\t\t\t\t<\/div>","protected":false},"excerpt":{"rendered":"<p>Arrasar las calles junto a tus amistades te ofrece m\u00e1s desaf\u00edos, ya que Need for Speed\u2122 Unbound Vol. 2 presenta nuevas formas de compararse y competir en grupo en Lakeshore Online, e incluso m\u00e1s oportunidades de arriesgarlo todo por recompensas.<\/p>","protected":false},"featured_media":3036,"template":"","meta":[],"product_brand":[],"product_cat":[23],"product_tag":[],"class_list":{"0":"post-3035","1":"product","2":"type-product","3":"status-publish","4":"has-post-thumbnail","6":"product_cat-juegos-ps5","8":"first","9":"instock","10":"shipping-taxable","11":"purchasable","12":"product-type-simple"},"_links":{"self":[{"href":"https:\/\/playmaxvzla.com\/es\/wp-json\/wp\/v2\/product\/3035","targetHints":{"allow":["GET"]}}],"collection":[{"href":"https:\/\/playmaxvzla.com\/es\/wp-json\/wp\/v2\/product"}],"about":[{"href":"https:\/\/playmaxvzla.com\/es\/wp-json\/wp\/v2\/types\/product"}],"version-history":[{"count":7,"href":"https:\/\/playmaxvzla.com\/es\/wp-json\/wp\/v2\/product\/3035\/revisions"}],"predecessor-version":[{"id":3046,"href":"https:\/\/playmaxvzla.com\/es\/wp-json\/wp\/v2\/product\/3035\/revisions\/3046"}],"wp:featuredmedia":[{"embeddable":true,"href":"https:\/\/playmaxvzla.com\/es\/wp-json\/wp\/v2\/media\/3036"}],"wp:attachment":[{"href":"https:\/\/playmaxvzla.com\/es\/wp-json\/wp\/v2\/media?parent=3035"}],"wp:term":[{"taxonomy":"product_brand","embeddable":true,"href":"https:\/\/playmaxvzla.com\/es\/wp-json\/wp\/v2\/product_brand?post=3035"},{"taxonomy":"product_cat","embeddable":true,"href":"https:\/\/playmaxvzla.com\/es\/wp-json\/wp\/v2\/product_cat?post=3035"},{"taxonomy":"product_tag","embeddable":true,"href":"https:\/\/playmaxvzla.com\/es\/wp-json\/wp\/v2\/product_tag?post=3035"}],"curies":[{"name":"wp","href":"https:\/\/api.w.org\/{rel}","templated":true}]}}