{"id":3281,"date":"2024-07-19T22:00:02","date_gmt":"2024-07-19T22:00:02","guid":{"rendered":"https:\/\/playmaxvzla.com\/?post_type=product&#038;p=3281"},"modified":"2024-08-22T04:58:44","modified_gmt":"2024-08-22T04:58:44","slug":"3-servicios-netflix-2-pantallas-de-tu-eleccion-30-dias-paga-2-y-llevate-3","status":"publish","type":"product","link":"https:\/\/playmaxvzla.com\/es\/producto\/3-servicios-netflix-2-pantallas-de-tu-eleccion-30-dias-paga-2-y-llevate-3\/","title":{"rendered":"3 Servicios &#8211; Netflix + 2 Pantallas de tu elecci\u00f3n (30 d\u00edas) PAGA 2 Y LL\u00c9VATE 3"},"content":{"rendered":"<div data-elementor-type=\"wp-post\" data-elementor-id=\"3281\" class=\"elementor elementor-3281\" data-elementor-post-type=\"product\">\n\t\t\t\t<div class=\"wd-negative-gap elementor-element elementor-element-53ee014 e-flex e-con-boxed e-con e-parent\" data-id=\"53ee014\" data-element_type=\"container\" data-e-type=\"container\">\n\t\t\t\t\t<div class=\"e-con-inner\">\n\t\t\t\t\t<\/div>\n\t\t\t\t<\/div>\n\t\t\t\t<\/div>","protected":false},"excerpt":{"rendered":"","protected":false},"featured_media":3724,"template":"","meta":[],"product_brand":[],"product_cat":[21],"product_tag":[],"class_list":{"0":"post-3281","1":"product","2":"type-product","3":"status-publish","4":"has-post-thumbnail","6":"product_cat-combos-streaming","8":"first","9":"instock","10":"shipping-taxable","11":"purchasable","12":"product-type-simple"},"_links":{"self":[{"href":"https:\/\/playmaxvzla.com\/es\/wp-json\/wp\/v2\/product\/3281","targetHints":{"allow":["GET"]}}],"collection":[{"href":"https:\/\/playmaxvzla.com\/es\/wp-json\/wp\/v2\/product"}],"about":[{"href":"https:\/\/playmaxvzla.com\/es\/wp-json\/wp\/v2\/types\/product"}],"version-history":[{"count":7,"href":"https:\/\/playmaxvzla.com\/es\/wp-json\/wp\/v2\/product\/3281\/revisions"}],"predecessor-version":[{"id":3655,"href":"https:\/\/playmaxvzla.com\/es\/wp-json\/wp\/v2\/product\/3281\/revisions\/3655"}],"wp:featuredmedia":[{"embeddable":true,"href":"https:\/\/playmaxvzla.com\/es\/wp-json\/wp\/v2\/media\/3724"}],"wp:attachment":[{"href":"https:\/\/playmaxvzla.com\/es\/wp-json\/wp\/v2\/media?parent=3281"}],"wp:term":[{"taxonomy":"product_brand","embeddable":true,"href":"https:\/\/playmaxvzla.com\/es\/wp-json\/wp\/v2\/product_brand?post=3281"},{"taxonomy":"product_cat","embeddable":true,"href":"https:\/\/playmaxvzla.com\/es\/wp-json\/wp\/v2\/product_cat?post=3281"},{"taxonomy":"product_tag","embeddable":true,"href":"https:\/\/playmaxvzla.com\/es\/wp-json\/wp\/v2\/product_tag?post=3281"}],"curies":[{"name":"wp","href":"https:\/\/api.w.org\/{rel}","templated":true}]}}