{"id":3286,"date":"2024-07-19T22:06:41","date_gmt":"2024-07-19T22:06:41","guid":{"rendered":"https:\/\/playmaxvzla.com\/?post_type=product&#038;p=3286"},"modified":"2024-08-22T13:42:11","modified_gmt":"2024-08-22T13:42:11","slug":"5-servicios-netflix-4-pantallas-de-tu-eleccion-30-dias-paga-4-y-llevate-5","status":"publish","type":"product","link":"https:\/\/playmaxvzla.com\/es\/producto\/5-servicios-netflix-4-pantallas-de-tu-eleccion-30-dias-paga-4-y-llevate-5\/","title":{"rendered":"5 Servicios &#8211; Netflix + 4 Pantallas de tu elecci\u00f3n (30 d\u00edas) PAGA 4 Y LL\u00c9VATE 5"},"content":{"rendered":"<div data-elementor-type=\"wp-post\" data-elementor-id=\"3286\" class=\"elementor elementor-3286\" data-elementor-post-type=\"product\">\n\t\t\t\t<div class=\"wd-negative-gap elementor-element elementor-element-53ee014 e-flex e-con-boxed e-con e-parent\" data-id=\"53ee014\" data-element_type=\"container\" data-e-type=\"container\">\n\t\t\t\t\t<div class=\"e-con-inner\">\n\t\t\t\t<div class=\"elementor-element elementor-element-cfbc71b color-scheme-inherit text-left elementor-widget elementor-widget-text-editor\" data-id=\"cfbc71b\" data-element_type=\"widget\" data-e-type=\"widget\" data-widget_type=\"text-editor.default\">\n\t\t\t\t<div class=\"elementor-widget-container\">\n\t\t\t\t\t\t\t\t\t<p><strong>SPOTIFY DE 1 A 6 MESES.<br \/><\/strong><\/p>\t\t\t\t\t\t\t\t<\/div>\n\t\t\t\t<\/div>\n\t\t\t\t\t<\/div>\n\t\t\t\t<\/div>\n\t\t\t\t<\/div>","protected":false},"excerpt":{"rendered":"<p>SPOTIFY DE 1 A 6 MESES.<\/p>","protected":false},"featured_media":3728,"template":"","meta":[],"product_brand":[],"product_cat":[21],"product_tag":[],"class_list":{"0":"post-3286","1":"product","2":"type-product","3":"status-publish","4":"has-post-thumbnail","6":"product_cat-combos-streaming","8":"first","9":"instock","10":"shipping-taxable","11":"purchasable","12":"product-type-simple"},"_links":{"self":[{"href":"https:\/\/playmaxvzla.com\/es\/wp-json\/wp\/v2\/product\/3286","targetHints":{"allow":["GET"]}}],"collection":[{"href":"https:\/\/playmaxvzla.com\/es\/wp-json\/wp\/v2\/product"}],"about":[{"href":"https:\/\/playmaxvzla.com\/es\/wp-json\/wp\/v2\/types\/product"}],"version-history":[{"count":3,"href":"https:\/\/playmaxvzla.com\/es\/wp-json\/wp\/v2\/product\/3286\/revisions"}],"predecessor-version":[{"id":3621,"href":"https:\/\/playmaxvzla.com\/es\/wp-json\/wp\/v2\/product\/3286\/revisions\/3621"}],"wp:featuredmedia":[{"embeddable":true,"href":"https:\/\/playmaxvzla.com\/es\/wp-json\/wp\/v2\/media\/3728"}],"wp:attachment":[{"href":"https:\/\/playmaxvzla.com\/es\/wp-json\/wp\/v2\/media?parent=3286"}],"wp:term":[{"taxonomy":"product_brand","embeddable":true,"href":"https:\/\/playmaxvzla.com\/es\/wp-json\/wp\/v2\/product_brand?post=3286"},{"taxonomy":"product_cat","embeddable":true,"href":"https:\/\/playmaxvzla.com\/es\/wp-json\/wp\/v2\/product_cat?post=3286"},{"taxonomy":"product_tag","embeddable":true,"href":"https:\/\/playmaxvzla.com\/es\/wp-json\/wp\/v2\/product_tag?post=3286"}],"curies":[{"name":"wp","href":"https:\/\/api.w.org\/{rel}","templated":true}]}}