{"id":3512,"date":"2024-07-26T18:50:07","date_gmt":"2024-07-26T18:50:07","guid":{"rendered":"https:\/\/playmaxvzla.com\/?post_type=product&#038;p=3512"},"modified":"2024-07-26T18:51:42","modified_gmt":"2024-07-26T18:51:42","slug":"tekken-7-ps4-alquiler-2","status":"publish","type":"product","link":"https:\/\/playmaxvzla.com\/es\/producto\/tekken-7-ps4-alquiler-2\/","title":{"rendered":"Tekken 7 PS4 (Alquiler)"},"content":{"rendered":"<div data-elementor-type=\"wp-post\" data-elementor-id=\"3512\" class=\"elementor elementor-3512\" data-elementor-post-type=\"product\">\n\t\t\t\t<div class=\"wd-negative-gap elementor-element elementor-element-53ee014 e-flex e-con-boxed e-con e-parent\" data-id=\"53ee014\" data-element_type=\"container\" data-e-type=\"container\">\n\t\t\t\t\t<div class=\"e-con-inner\">\n\t\t\t\t<div class=\"elementor-element elementor-element-cfbc71b color-scheme-inherit text-left elementor-widget elementor-widget-text-editor\" data-id=\"cfbc71b\" data-element_type=\"widget\" data-e-type=\"widget\" data-widget_type=\"text-editor.default\">\n\t\t\t\t<div class=\"elementor-widget-container\">\n\t\t\t\t\t\t\t\t\t<p>No existen las motivaciones err\u00f3neas, solo el camino que decidimos escoger.<\/p><p>Disfruta del \u00e9pico final del clan Mishima y descubre los motivos detr\u00e1s de cada uno de los pasos de esta batalla interminable. TEKKEN 7, creado con Unreal Engine 4, ofrece espectaculares batallas con cinem\u00e1ticas narrativas e intensos duelos para disfrutar con amigos y rivales gracias a las nuevas mec\u00e1nicas de lucha.<\/p><p>La legendaria franquicia de juegos de lucha regresar\u00e1 para la batalla final a principios de 2017 en PS4, Xbox One y PC.<\/p><p>Caracter\u00edsticas<\/p><p>UNREAL ENGINE 4: El motor Unreal Engine 4 convierte a TEKKEN 7 en el juego m\u00e1s espectacular de la saga TEKKEN gracias a sus gr\u00e1ficos fotorrealistas y a los impresionantes efectos de batalla.<\/p><p>EXPERIENCIA NARRATIVA ININTERRUMPIDA: Las espectaculares secuencias cinem\u00e1ticas de la historia combinan a la perfecci\u00f3n con la brutalidad de las peleas y desvelan la intrigante historia de la familia Mishima de forma novedosa.<\/p><p>M\u00c1S DE 30 PERSONAJES JUGABLES: Una gran selecci\u00f3n de m\u00e1s de 30 personajes con nuevas incorporaciones y uno de los mayores listados de movimientos que se han visto nunca en un videojuego de lucha para que encuentres tu estilo de combate con total libertad. \u00a1Descubre tus t\u00e9cnicas, movimientos de artes marciales y combos favoritos para ganar la pelea!<\/p><p>PERSONAJE DE STREET FIGHTER: AKUMA: Akuma, de Street Fighter, encaja perfectamente en las tres dimensiones y se une a la lucha en esta \u00e9pica combinaci\u00f3n de franquicias que se completa con sus movimientos estilo shotokan y sus bolas de fuego.<\/p><p>NUEVAS MEC\u00c1NICAS Y MOVIMIENTOS DE COMBATE: Las peleas cl\u00e1sicas de 1 contra 1 regresan junto a nuevos movimientos y mec\u00e1nicas de combate como \u201cRage Arts\u201d, \u201cPower Crushes\u201d y \u201cRage Drives\u201d que hacen que el juego sea m\u00e1s accesible para jugadores de todos los niveles de habilidad. Derrotar a tus amigos en TEKKEN 7 ser\u00e1 cuesti\u00f3n de entrenar duro o de pasarlo bien.<\/p><p>EL CAP\u00cdTULO FINAL DE LA SAGA DE LA FAMILIA MISHIMA: TEKKEN 7 representa el cap\u00edtulo final de 20 a\u00f1os de contienda entre los Mishima. Descubre el inolvidable cierre de la lucha familiar entre los miembros del clan Mishima mientras intentan resolver sus antiguas disputas y luchan por hacerse con el control de un imperio global, con lo que pondr\u00e1n en peligro la estabilidad del mundo<\/p>\t\t\t\t\t\t\t\t<\/div>\n\t\t\t\t<\/div>\n\t\t\t\t\t<\/div>\n\t\t\t\t<\/div>\n\t\t\t\t<\/div>","protected":false},"excerpt":{"rendered":"<div class=\"user-content font-small mb-4\">\n<div class=\"user-content font-small mb-4\">\n<div class=\"user-content font-small mb-4\">\n<div class=\"user-content font-small mb-4\">\n<div class=\"user-content font-small mb-4\">\n<p>Todas las peleas son personales<\/p>\n<p>Amor, venganza, orgullo. Todos tenemos un motivo para luchar. Los valores son lo que nos define y nos hace humanos, m\u00e1s all\u00e1 de nuestras fortalezas y debilidades.<\/p>\n<\/div>\n<\/div>\n<\/div>\n<\/div>\n<\/div>","protected":false},"featured_media":3513,"template":"","meta":[],"product_brand":[],"product_cat":[22],"product_tag":[],"class_list":{"0":"post-3512","1":"product","2":"type-product","3":"status-publish","4":"has-post-thumbnail","6":"product_cat-juegos-ps4","8":"first","9":"instock","10":"virtual","11":"purchasable","12":"product-type-simple"},"_links":{"self":[{"href":"https:\/\/playmaxvzla.com\/es\/wp-json\/wp\/v2\/product\/3512","targetHints":{"allow":["GET"]}}],"collection":[{"href":"https:\/\/playmaxvzla.com\/es\/wp-json\/wp\/v2\/product"}],"about":[{"href":"https:\/\/playmaxvzla.com\/es\/wp-json\/wp\/v2\/types\/product"}],"version-history":[{"count":5,"href":"https:\/\/playmaxvzla.com\/es\/wp-json\/wp\/v2\/product\/3512\/revisions"}],"predecessor-version":[{"id":3518,"href":"https:\/\/playmaxvzla.com\/es\/wp-json\/wp\/v2\/product\/3512\/revisions\/3518"}],"wp:featuredmedia":[{"embeddable":true,"href":"https:\/\/playmaxvzla.com\/es\/wp-json\/wp\/v2\/media\/3513"}],"wp:attachment":[{"href":"https:\/\/playmaxvzla.com\/es\/wp-json\/wp\/v2\/media?parent=3512"}],"wp:term":[{"taxonomy":"product_brand","embeddable":true,"href":"https:\/\/playmaxvzla.com\/es\/wp-json\/wp\/v2\/product_brand?post=3512"},{"taxonomy":"product_cat","embeddable":true,"href":"https:\/\/playmaxvzla.com\/es\/wp-json\/wp\/v2\/product_cat?post=3512"},{"taxonomy":"product_tag","embeddable":true,"href":"https:\/\/playmaxvzla.com\/es\/wp-json\/wp\/v2\/product_tag?post=3512"}],"curies":[{"name":"wp","href":"https:\/\/api.w.org\/{rel}","templated":true}]}}