{"id":3708,"date":"2024-08-14T13:19:37","date_gmt":"2024-08-14T13:19:37","guid":{"rendered":"https:\/\/playmaxvzla.com\/?post_type=product&#038;p=3708"},"modified":"2024-08-14T13:21:30","modified_gmt":"2024-08-14T13:21:30","slug":"crash-team-racing-nitro-fueled-ps5","status":"publish","type":"product","link":"https:\/\/playmaxvzla.com\/es\/producto\/crash-team-racing-nitro-fueled-ps5\/","title":{"rendered":"Crash Team Racing Nitro Fueled PS5 y PS4"},"content":{"rendered":"<div data-elementor-type=\"wp-post\" data-elementor-id=\"3708\" class=\"elementor elementor-3708\" data-elementor-post-type=\"product\">\n\t\t\t\t<div class=\"wd-negative-gap elementor-element elementor-element-53ee014 e-flex e-con-boxed e-con e-parent\" data-id=\"53ee014\" data-element_type=\"container\" data-e-type=\"container\">\n\t\t\t\t\t<div class=\"e-con-inner\">\n\t\t\t\t<div class=\"elementor-element elementor-element-cfbc71b color-scheme-inherit text-left elementor-widget elementor-widget-text-editor\" data-id=\"cfbc71b\" data-element_type=\"widget\" data-e-type=\"widget\" data-widget_type=\"text-editor.default\">\n\t\t\t\t<div class=\"elementor-widget-container\">\n\t\t\t\t\t\t\t\t\t<p><strong>Idioma : Espa\u00f1ol<\/strong><br \/><strong>Peso : 27GB \/ Requerido en consola : 54GB<\/strong><br \/>Incluye Guia Paso a Paso<br \/>Entrega en minutos<br \/><br \/><strong>&gt; La version de PS5 es Retro<\/strong><br \/><strong>&gt;\u00a0Retro significa juego para PS5 con gr\u00e1ficos de PS4<\/strong><\/p>\t\t\t\t\t\t\t\t<\/div>\n\t\t\t\t<\/div>\n\t\t\t\t\t<\/div>\n\t\t\t\t<\/div>\n\t\t\t\t<\/div>","protected":false},"excerpt":{"rendered":"<div class=\"user-content font-small mb-4\">\n<p>\u00a1Crash vuelve al volante! Prep\u00e1rate para desmelenarte con Crash\u2122 Team Racing Nitro-Fueled. La aut\u00e9ntica experiencia de CTR y mucho m\u00e1s contenido remasterizado al m\u00e1ximo de revoluciones:<\/p>\n<\/div>","protected":false},"featured_media":3715,"template":"","meta":[],"product_brand":[],"product_cat":[22,23],"product_tag":[],"class_list":{"0":"post-3708","1":"product","2":"type-product","3":"status-publish","4":"has-post-thumbnail","6":"product_cat-juegos-ps4","7":"product_cat-juegos-ps5","9":"first","10":"instock","11":"shipping-taxable","12":"purchasable","13":"product-type-variable"},"_links":{"self":[{"href":"https:\/\/playmaxvzla.com\/es\/wp-json\/wp\/v2\/product\/3708","targetHints":{"allow":["GET"]}}],"collection":[{"href":"https:\/\/playmaxvzla.com\/es\/wp-json\/wp\/v2\/product"}],"about":[{"href":"https:\/\/playmaxvzla.com\/es\/wp-json\/wp\/v2\/types\/product"}],"version-history":[{"count":3,"href":"https:\/\/playmaxvzla.com\/es\/wp-json\/wp\/v2\/product\/3708\/revisions"}],"predecessor-version":[{"id":3714,"href":"https:\/\/playmaxvzla.com\/es\/wp-json\/wp\/v2\/product\/3708\/revisions\/3714"}],"wp:featuredmedia":[{"embeddable":true,"href":"https:\/\/playmaxvzla.com\/es\/wp-json\/wp\/v2\/media\/3715"}],"wp:attachment":[{"href":"https:\/\/playmaxvzla.com\/es\/wp-json\/wp\/v2\/media?parent=3708"}],"wp:term":[{"taxonomy":"product_brand","embeddable":true,"href":"https:\/\/playmaxvzla.com\/es\/wp-json\/wp\/v2\/product_brand?post=3708"},{"taxonomy":"product_cat","embeddable":true,"href":"https:\/\/playmaxvzla.com\/es\/wp-json\/wp\/v2\/product_cat?post=3708"},{"taxonomy":"product_tag","embeddable":true,"href":"https:\/\/playmaxvzla.com\/es\/wp-json\/wp\/v2\/product_tag?post=3708"}],"curies":[{"name":"wp","href":"https:\/\/api.w.org\/{rel}","templated":true}]}}